{"id":9,"date":"2022-04-29T17:51:15","date_gmt":"2022-04-29T17:51:15","guid":{"rendered":"http:\/\/electrolourdes.com.ar\/?page_id=9"},"modified":"2022-07-11T18:35:37","modified_gmt":"2022-07-11T18:35:37","slug":"about","status":"publish","type":"page","link":"https:\/\/electrolourdes.com.ar\/index.php\/about\/","title":{"rendered":"Quienes Somos"},"content":{"rendered":"\t\t<div data-elementor-type=\"wp-page\" data-elementor-id=\"9\" class=\"elementor elementor-9\">\n\t\t\t\t\t\t<section class=\"elementor-section elementor-top-section elementor-element elementor-element-1fa0210 elementor-section-boxed elementor-section-height-default elementor-section-height-default\" data-id=\"1fa0210\" data-element_type=\"section\" data-e-type=\"section\">\n\t\t\t\t\t\t<div class=\"elementor-container elementor-column-gap-default\">\n\t\t\t\t\t<div class=\"elementor-column elementor-col-33 elementor-top-column elementor-element elementor-element-250b7d2\" data-id=\"250b7d2\" data-element_type=\"column\" data-e-type=\"column\">\n\t\t\t<div class=\"elementor-widget-wrap elementor-element-populated\">\n\t\t\t\t\t\t<div class=\"elementor-element elementor-element-4cd3bae elementor-invisible elementor-widget elementor-widget-image\" data-id=\"4cd3bae\" data-element_type=\"widget\" data-e-type=\"widget\" data-settings=\"{&quot;_animation&quot;:&quot;fadeInDown&quot;}\" data-widget_type=\"image.default\">\n\t\t\t\t<div class=\"elementor-widget-container\">\n\t\t\t\t\t\t\t\t\t\t\t\t\t\t\t<img fetchpriority=\"high\" decoding=\"async\" width=\"960\" height=\"1001\" src=\"https:\/\/electrolourdes.com.ar\/wp-content\/uploads\/2022\/06\/fachada-con-texto.gif\" class=\"attachment-large size-large wp-image-400\" alt=\"\" \/>\t\t\t\t\t\t\t\t\t\t\t\t\t\t\t<\/div>\n\t\t\t\t<\/div>\n\t\t\t\t\t<\/div>\n\t\t<\/div>\n\t\t\t\t<div class=\"elementor-column elementor-col-66 elementor-top-column elementor-element elementor-element-6609f81\" data-id=\"6609f81\" data-element_type=\"column\" data-e-type=\"column\">\n\t\t\t<div class=\"elementor-widget-wrap elementor-element-populated\">\n\t\t\t\t\t\t<div class=\"elementor-element elementor-element-c99df9c elementor-invisible elementor-widget elementor-widget-text-editor\" data-id=\"c99df9c\" data-element_type=\"widget\" data-e-type=\"widget\" data-settings=\"{&quot;_animation&quot;:&quot;fadeInLeft&quot;}\" data-widget_type=\"text-editor.default\">\n\t\t\t\t<div class=\"elementor-widget-container\">\n\t\t\t\t\t\t\t\t\t<p>Electro Lourdes somos empresa dedicada a abastecer las necesidades del mercado el\u00e9ctrico en general, tanto en la provisi\u00f3n de materiales el\u00e9ctricos como de artefactos de iluminaci\u00f3n para <em>la construcci\u00f3n, la industria y el gremio.<\/em><br \/><br \/>Somos distribuidores de las principales marcas del mercado el\u00e9ctrico, y hoy contamos con la mas surtida variedad de art\u00edculos en stock para atender las exigencias del sector.<\/p><p><strong>Nuestro principal objetivo es continuar siendo l\u00edderes en nuestro Ren el sector ofreciendo a nuestro clientes el mejor servicio, precio y variedad en productos.<\/strong><\/p><p>Te invitamos a conocer nuestra tienda online donde al ser donde somos Mercadolider Platino lo que te da la garantia de tener 100% de exito en tus compras de los productos que necesitas al mejor precio y con la mejor calidad.<\/p>\t\t\t\t\t\t\t\t<\/div>\n\t\t\t\t<\/div>\n\t\t\t\t\t<\/div>\n\t\t<\/div>\n\t\t\t\t\t<\/div>\n\t\t<\/section>\n\t\t\t\t<\/div>\n\t\t","protected":false},"excerpt":{"rendered":"<p>Electro Lourdes somos empresa dedicada a abastecer las necesidades del mercado el\u00e9ctrico en general, tanto en la provisi\u00f3n de materiales el\u00e9ctricos como de artefactos de iluminaci\u00f3n para la construcci\u00f3n, la industria y el gremio. Somos distribuidores de las principales marcas del mercado el\u00e9ctrico, y hoy contamos con la mas surtida variedad de art\u00edculos en stock para atender las exigencias del sector. Nuestro principal objetivo es continuar siendo l\u00edderes en nuestro Ren el sector ofreciendo a nuestro clientes el mejor servicio, precio y variedad en productos. Te invitamos a conocer nuestra tienda online donde al ser donde somos Mercadolider Platino lo que te da la garantia de tener 100% de exito en tus compras de los productos que necesitas al mejor precio y con la mejor calidad.<\/p>\n","protected":false},"author":1,"featured_media":6,"parent":0,"menu_order":0,"comment_status":"closed","ping_status":"closed","template":"elementor_header_footer","meta":{"footnotes":""},"class_list":["post-9","page","type-page","status-publish","has-post-thumbnail","hentry"],"_links":{"self":[{"href":"https:\/\/electrolourdes.com.ar\/index.php\/wp-json\/wp\/v2\/pages\/9","targetHints":{"allow":["GET"]}}],"collection":[{"href":"https:\/\/electrolourdes.com.ar\/index.php\/wp-json\/wp\/v2\/pages"}],"about":[{"href":"https:\/\/electrolourdes.com.ar\/index.php\/wp-json\/wp\/v2\/types\/page"}],"author":[{"embeddable":true,"href":"https:\/\/electrolourdes.com.ar\/index.php\/wp-json\/wp\/v2\/users\/1"}],"replies":[{"embeddable":true,"href":"https:\/\/electrolourdes.com.ar\/index.php\/wp-json\/wp\/v2\/comments?post=9"}],"version-history":[{"count":11,"href":"https:\/\/electrolourdes.com.ar\/index.php\/wp-json\/wp\/v2\/pages\/9\/revisions"}],"predecessor-version":[{"id":410,"href":"https:\/\/electrolourdes.com.ar\/index.php\/wp-json\/wp\/v2\/pages\/9\/revisions\/410"}],"wp:featuredmedia":[{"embeddable":true,"href":"https:\/\/electrolourdes.com.ar\/index.php\/wp-json\/wp\/v2\/media\/6"}],"wp:attachment":[{"href":"https:\/\/electrolourdes.com.ar\/index.php\/wp-json\/wp\/v2\/media?parent=9"}],"curies":[{"name":"wp","href":"https:\/\/api.w.org\/{rel}","templated":true}]}}